{"id":854,"date":"2026-03-25T14:10:58","date_gmt":"2026-03-25T18:10:58","guid":{"rendered":"https:\/\/cuidadoresacademypr.com\/?page_id=854"},"modified":"2026-03-26T16:25:42","modified_gmt":"2026-03-26T20:25:42","slug":"politica-de-membresias","status":"publish","type":"page","link":"https:\/\/cuidadoresacademypr.com\/en\/politica-de-membresias\/","title":{"rendered":"Politica de membresias"},"content":{"rendered":"<div data-elementor-type=\"wp-page\" data-elementor-id=\"854\" class=\"elementor elementor-854\" data-elementor-post-type=\"page\">\n\t\t\t\t<div class=\"elementor-element elementor-element-5cc25ff e-flex e-con-boxed e-con e-parent\" data-id=\"5cc25ff\" data-element_type=\"container\" data-e-type=\"container\">\n\t\t\t\t\t<div class=\"e-con-inner\">\n\t\t\t\t<div class=\"elementor-element elementor-element-2354b9f elementor-widget elementor-widget-heading\" data-id=\"2354b9f\" data-element_type=\"widget\" data-e-type=\"widget\" data-widget_type=\"heading.default\">\n\t\t\t\t<div class=\"elementor-widget-container\">\n\t\t\t\t\t<h2 class=\"elementor-heading-title elementor-size-default\">Pol\u00edticas de Membres\u00eda <\/h2>\t\t\t\t<\/div>\n\t\t\t\t<\/div>\n\t\t\t\t\t<\/div>\n\t\t\t\t<\/div>\n\t\t<div class=\"elementor-element elementor-element-f7ee720 e-flex e-con-boxed e-con e-parent\" data-id=\"f7ee720\" data-element_type=\"container\" data-e-type=\"container\">\n\t\t\t\t\t<div class=\"e-con-inner\">\n\t\t\t\t<div class=\"elementor-element elementor-element-aeddc95 elementor-widget elementor-widget-text-editor\" data-id=\"aeddc95\" data-element_type=\"widget\" data-e-type=\"widget\" data-widget_type=\"text-editor.default\">\n\t\t\t\t<div class=\"elementor-widget-container\">\n\t\t\t\t\t\t\t\t\t<h4>Bienvenido a Cuidadores Academy.<\/h4><p>Al adquirir cualquiera de nuestras membres\u00edas, aceptas las siguientes condiciones dise\u00f1adas para garantizar la mejor experiencia de aprendizaje en nuestra plataforma virtual.<\/p><p>\u00a0<\/p><h4>1. Acceso al Contenido<\/h4><ul><li>Para ingresar a los cursos y materiales, debes mantener una membres\u00eda activa.<\/li><li>Sin una suscripci\u00f3n vigente, el acceso a la plataforma quedar\u00e1 restringido autom\u00e1ticamente.<\/li><\/ul><p>\u00a0<\/p><h4>2. Uso de la Cuenta<\/h4><ul><li><strong>Membres\u00eda B\u00e1sica ($49.99) y Premium ($9.99):<\/strong> Uso limitado a <strong>1 user<\/strong> por cuenta.<\/li><li><strong>Membres\u00eda<\/strong> <strong>Independencia Avanzada ($1,775.00):<\/strong> Acceso de por vida y <strong>sin l\u00edmites de usuario<\/strong> para tu equipo.<\/li><\/ul><p>\u00a0<\/p><p>Las credenciales son personales; el uso compartido en planes individuales puede causar la suspensi\u00f3n de la cuenta.<\/p><p>\u00a0<\/p><h4>3. Renovaci\u00f3n y Cancelaci\u00f3n<\/h4><ul><li>Las membres\u00edas mensuales se renovar\u00e1n autom\u00e1ticamente para garantizar tu acceso continuo.<\/li><li><strong>\u00bfQuieres cancelar?<\/strong> Puedes hacerlo en cualquier momento escribiendo a nuestro correo: <strong>cuidadoresacademypr@gmail.com.<\/strong><\/li><li>Para evitar cobros no deseados es importante solicitar la cancelaci\u00f3n de su suscripci\u00f3n al menos con 72 horas antes de anticipaci\u00f3n de su pr\u00f3ximo cobro.<\/li><\/ul><p>\u00a0<\/p><h4>4. Propiedad Intelectual<\/h4><ul><li>Todo el contenido es propiedad de <strong>Visionary Prestige LLC.<\/strong><\/li><li>Est\u00e1 prohibida la copia o distribuci\u00f3n del material fuera de la academia.<\/li><\/ul>\t\t\t\t\t\t\t\t<\/div>\n\t\t\t\t<\/div>\n\t\t\t\t\t<\/div>\n\t\t\t\t<\/div>\n\t\t\t\t<\/div>","protected":false},"excerpt":{"rendered":"<p>Pol\u00edticas de Membres\u00eda Bienvenido a Cuidadores Academy. Al adquirir cualquiera de nuestras membres\u00edas, aceptas las siguientes condiciones dise\u00f1adas<\/p>","protected":false},"author":1,"featured_media":0,"parent":0,"menu_order":0,"comment_status":"closed","ping_status":"closed","template":"elementor_header_footer","meta":{"_tutorstarter_page_metadata":[],"footnotes":""},"class_list":["post-854","page","type-page","status-publish","hentry"],"yoast_head":"<!-- This site is optimized with the Yoast SEO plugin v27.5 - https:\/\/yoast.com\/product\/yoast-seo-wordpress\/ -->\n<title>Politica de membresias - Academia Cuidadores PR<\/title>\n<meta name=\"robots\" content=\"index, follow, max-snippet:-1, max-image-preview:large, max-video-preview:-1\" \/>\n<link rel=\"canonical\" href=\"https:\/\/cuidadoresacademypr.com\/en\/politica-de-membresias\/\" \/>\n<meta property=\"og:locale\" content=\"en_US\" \/>\n<meta property=\"og:type\" content=\"article\" \/>\n<meta property=\"og:title\" content=\"Politica de membresias - Academia Cuidadores PR\" \/>\n<meta property=\"og:description\" content=\"Pol\u00edticas de Membres\u00eda Bienvenido a Cuidadores Academy. Al adquirir cualquiera de nuestras membres\u00edas, aceptas las siguientes condiciones dise\u00f1adas\" \/>\n<meta property=\"og:url\" content=\"https:\/\/cuidadoresacademypr.com\/en\/politica-de-membresias\/\" \/>\n<meta property=\"og:site_name\" content=\"Academia Cuidadores PR\" \/>\n<meta property=\"article:modified_time\" content=\"2026-03-26T20:25:42+00:00\" \/>\n<meta name=\"twitter:card\" content=\"summary_large_image\" \/>\n<meta name=\"twitter:label1\" content=\"Est. reading time\" \/>\n\t<meta name=\"twitter:data1\" content=\"1 minute\" \/>\n<script type=\"application\/ld+json\" class=\"yoast-schema-graph\">{\"@context\":\"https:\\\/\\\/schema.org\",\"@graph\":[{\"@type\":\"WebPage\",\"@id\":\"https:\\\/\\\/cuidadoresacademypr.com\\\/politica-de-membresias\\\/\",\"url\":\"https:\\\/\\\/cuidadoresacademypr.com\\\/politica-de-membresias\\\/\",\"name\":\"Politica de membresias - Academia Cuidadores PR\",\"isPartOf\":{\"@id\":\"https:\\\/\\\/cuidadoresacademypr.com\\\/#website\"},\"datePublished\":\"2026-03-25T18:10:58+00:00\",\"dateModified\":\"2026-03-26T20:25:42+00:00\",\"breadcrumb\":{\"@id\":\"https:\\\/\\\/cuidadoresacademypr.com\\\/politica-de-membresias\\\/#breadcrumb\"},\"inLanguage\":\"en-US\",\"potentialAction\":[{\"@type\":\"ReadAction\",\"target\":[\"https:\\\/\\\/cuidadoresacademypr.com\\\/politica-de-membresias\\\/\"]}]},{\"@type\":\"BreadcrumbList\",\"@id\":\"https:\\\/\\\/cuidadoresacademypr.com\\\/politica-de-membresias\\\/#breadcrumb\",\"itemListElement\":[{\"@type\":\"ListItem\",\"position\":1,\"name\":\"Portada\",\"item\":\"https:\\\/\\\/cuidadoresacademypr.com\\\/\"},{\"@type\":\"ListItem\",\"position\":2,\"name\":\"Politica de membresias\"}]},{\"@type\":\"WebSite\",\"@id\":\"https:\\\/\\\/cuidadoresacademypr.com\\\/#website\",\"url\":\"https:\\\/\\\/cuidadoresacademypr.com\\\/\",\"name\":\"Academia Cuidadores PR\",\"description\":\"\",\"publisher\":{\"@id\":\"https:\\\/\\\/cuidadoresacademypr.com\\\/#organization\"},\"potentialAction\":[{\"@type\":\"SearchAction\",\"target\":{\"@type\":\"EntryPoint\",\"urlTemplate\":\"https:\\\/\\\/cuidadoresacademypr.com\\\/?s={search_term_string}\"},\"query-input\":{\"@type\":\"PropertyValueSpecification\",\"valueRequired\":true,\"valueName\":\"search_term_string\"}}],\"inLanguage\":\"en-US\"},{\"@type\":\"Organization\",\"@id\":\"https:\\\/\\\/cuidadoresacademypr.com\\\/#organization\",\"name\":\"Academia Cuidadores PR\",\"url\":\"https:\\\/\\\/cuidadoresacademypr.com\\\/\",\"logo\":{\"@type\":\"ImageObject\",\"inLanguage\":\"en-US\",\"@id\":\"https:\\\/\\\/cuidadoresacademypr.com\\\/#\\\/schema\\\/logo\\\/image\\\/\",\"url\":\"https:\\\/\\\/cuidadoresacademypr.com\\\/wp-content\\\/uploads\\\/2025\\\/04\\\/PNG-e1746123312287.png\",\"contentUrl\":\"https:\\\/\\\/cuidadoresacademypr.com\\\/wp-content\\\/uploads\\\/2025\\\/04\\\/PNG-e1746123312287.png\",\"width\":150,\"height\":150,\"caption\":\"Academia Cuidadores PR\"},\"image\":{\"@id\":\"https:\\\/\\\/cuidadoresacademypr.com\\\/#\\\/schema\\\/logo\\\/image\\\/\"}}]}<\/script>\n<!-- \/ Yoast SEO plugin. -->","yoast_head_json":{"title":"Politica de membresias - Academia Cuidadores PR","robots":{"index":"index","follow":"follow","max-snippet":"max-snippet:-1","max-image-preview":"max-image-preview:large","max-video-preview":"max-video-preview:-1"},"canonical":"https:\/\/cuidadoresacademypr.com\/en\/politica-de-membresias\/","og_locale":"en_US","og_type":"article","og_title":"Politica de membresias - Academia Cuidadores PR","og_description":"Pol\u00edticas de Membres\u00eda Bienvenido a Cuidadores Academy. Al adquirir cualquiera de nuestras membres\u00edas, aceptas las siguientes condiciones dise\u00f1adas","og_url":"https:\/\/cuidadoresacademypr.com\/en\/politica-de-membresias\/","og_site_name":"Academia Cuidadores PR","article_modified_time":"2026-03-26T20:25:42+00:00","twitter_card":"summary_large_image","twitter_misc":{"Est. reading time":"1 minute"},"schema":{"@context":"https:\/\/schema.org","@graph":[{"@type":"WebPage","@id":"https:\/\/cuidadoresacademypr.com\/politica-de-membresias\/","url":"https:\/\/cuidadoresacademypr.com\/politica-de-membresias\/","name":"Politica de membresias - Academia Cuidadores PR","isPartOf":{"@id":"https:\/\/cuidadoresacademypr.com\/#website"},"datePublished":"2026-03-25T18:10:58+00:00","dateModified":"2026-03-26T20:25:42+00:00","breadcrumb":{"@id":"https:\/\/cuidadoresacademypr.com\/politica-de-membresias\/#breadcrumb"},"inLanguage":"en-US","potentialAction":[{"@type":"ReadAction","target":["https:\/\/cuidadoresacademypr.com\/politica-de-membresias\/"]}]},{"@type":"BreadcrumbList","@id":"https:\/\/cuidadoresacademypr.com\/politica-de-membresias\/#breadcrumb","itemListElement":[{"@type":"ListItem","position":1,"name":"Portada","item":"https:\/\/cuidadoresacademypr.com\/"},{"@type":"ListItem","position":2,"name":"Politica de membresias"}]},{"@type":"WebSite","@id":"https:\/\/cuidadoresacademypr.com\/#website","url":"https:\/\/cuidadoresacademypr.com\/","name":"Caregivers Academy PR","description":"","publisher":{"@id":"https:\/\/cuidadoresacademypr.com\/#organization"},"potentialAction":[{"@type":"SearchAction","target":{"@type":"EntryPoint","urlTemplate":"https:\/\/cuidadoresacademypr.com\/?s={search_term_string}"},"query-input":{"@type":"PropertyValueSpecification","valueRequired":true,"valueName":"search_term_string"}}],"inLanguage":"en-US"},{"@type":"Organization","@id":"https:\/\/cuidadoresacademypr.com\/#organization","name":"Caregivers Academy PR","url":"https:\/\/cuidadoresacademypr.com\/","logo":{"@type":"ImageObject","inLanguage":"en-US","@id":"https:\/\/cuidadoresacademypr.com\/#\/schema\/logo\/image\/","url":"https:\/\/cuidadoresacademypr.com\/wp-content\/uploads\/2025\/04\/PNG-e1746123312287.png","contentUrl":"https:\/\/cuidadoresacademypr.com\/wp-content\/uploads\/2025\/04\/PNG-e1746123312287.png","width":150,"height":150,"caption":"Academia Cuidadores PR"},"image":{"@id":"https:\/\/cuidadoresacademypr.com\/#\/schema\/logo\/image\/"}}]}},"_links":{"self":[{"href":"https:\/\/cuidadoresacademypr.com\/en\/wp-json\/wp\/v2\/pages\/854","targetHints":{"allow":["GET"]}}],"collection":[{"href":"https:\/\/cuidadoresacademypr.com\/en\/wp-json\/wp\/v2\/pages"}],"about":[{"href":"https:\/\/cuidadoresacademypr.com\/en\/wp-json\/wp\/v2\/types\/page"}],"author":[{"embeddable":true,"href":"https:\/\/cuidadoresacademypr.com\/en\/wp-json\/wp\/v2\/users\/1"}],"replies":[{"embeddable":true,"href":"https:\/\/cuidadoresacademypr.com\/en\/wp-json\/wp\/v2\/comments?post=854"}],"version-history":[{"count":16,"href":"https:\/\/cuidadoresacademypr.com\/en\/wp-json\/wp\/v2\/pages\/854\/revisions"}],"predecessor-version":[{"id":922,"href":"https:\/\/cuidadoresacademypr.com\/en\/wp-json\/wp\/v2\/pages\/854\/revisions\/922"}],"wp:attachment":[{"href":"https:\/\/cuidadoresacademypr.com\/en\/wp-json\/wp\/v2\/media?parent=854"}],"curies":[{"name":"wp","href":"https:\/\/api.w.org\/{rel}","templated":true}]}}